{"id":6,"date":"2011-03-16T13:52:49","date_gmt":"2011-03-16T13:52:49","guid":{"rendered":"https:\/\/www.mosaiikconstruction.com\/dev\/?page_id=6"},"modified":"2019-09-20T21:52:51","modified_gmt":"2019-09-20T21:52:51","slug":"accueil","status":"publish","type":"page","link":"https:\/\/www.mosaiikconstruction.com\/fr\/","title":{"rendered":"Accueil"},"content":{"rendered":"<h1>L\u2019expert en ma\u00e7onnerie<\/h1>\n<p>Bienvenue sur le site de MOSAIIK CONSTRUCTION INC.<br \/>\n&nbsp;<br \/>\nDepuis plus de 20 ans, Gabriel Cerra, pr\u00e9sident, oeuvre dans le domaine de la ma\u00e7onnerie.<br \/>\n&nbsp;<br \/>\nLe travail minutieux, le professionnalisme et l\u2019efficacit\u00e9 de l\u2019\u00e9quipe ont fait de l\u2019entreprise une r\u00e9f\u00e9rence dans le domaine. De nombreux gestionnaires de projet leur confient leurs travaux de ma\u00e7onnerie pour un travail hors-pair.<br \/>\n&nbsp;<\/p>\n<p><iframe loading=\"lazy\" width=\"500\" height=\"374\" src=\"https:\/\/www.youtube.com\/embed\/Q5fMaf-BFpw\" frameborder=\"0\" allowfullscreen=\"\"><\/iframe><\/p>\n<p>&nbsp;<\/p>\n<blockquote>\n<h2>Chemin\u00e9e &#8211; r\u00e9novation<\/h2>\n<h3>D\u00e9molir la chemin\u00e9e:<\/h3>\n<ul>\n<li>Nettoyer &amp; installer de la brique existantes<\/li>\n<li>Enlever les vieilles briques et installer de nouvelles briques<\/li>\n<\/ul>\n<p>&nbsp;<\/p>\n<h2>Briques &#8211; R\u00e9novation<\/h2>\n<h3>D\u00e9molir les murs:<\/h3>\n<ul>\n<li>Nettoyer &amp; installer de la brique existantes<\/li>\n<li>Enlever les vieilles briques et installer de nouvelles briques<\/li>\n<\/ul>\n<p>&nbsp;<\/p>\n<h2>Int\u00e9rieur en brique et r\u00e9novations de pierre<\/h2>\n<ul>\n<li>Installez vrai \/ v\u00e9ritable brique et\/ou de la pierre<\/li>\n<li>Installez brique artificielle et\/ou de la pierre<\/li>\n<\/ul>\n<p>&nbsp;<\/p>\n<h2>Chemin\u00e9e &#8211; Nouveau<\/h2>\n<p>&nbsp;<\/p>\n<h2>Briques &#8211; Nouveau<\/h2>\n<h3>Chemin\u00e9e<\/h3>\n<ul>\n<li>R\u00e9paration de foyers existants qui ont des probl&amp;eagrave;mes<\/li>\n<li>Construire nouveau foyer<\/li>\n<li>Remplacer la fa\u00e7ade de la chemin\u00e9e<\/li>\n<\/ul>\n<p>&nbsp;<\/p>\n<h2>Blocs<\/h2>\n<p>&nbsp;<\/p>\n<h2>C\u00e9ramique<\/h2>\n<\/blockquote>\n<p>&nbsp;<br \/>\nMosaiik Construction d\u00e9sert tous les secteurs du Grand Montr\u00e9al.  Consultez la section <a href=\"nous-joindre\">Nous joindre<\/a> afin d\u2019obtenir plus d&#8217;informations.<br \/>\n&nbsp;<br \/>\nBonne visite!<br \/>\n&nbsp;<\/p>\n","protected":false},"excerpt":{"rendered":"<p>L\u2019expert en ma\u00e7onnerie Bienvenue sur le site de MOSAIIK CONSTRUCTION INC. &nbsp; Depuis plus de 20 ans, Gabriel Cerra, pr\u00e9sident, oeuvre dans le domaine de la ma\u00e7onnerie. &nbsp; Le travail minutieux, le professionnalisme et l\u2019efficacit\u00e9 de l\u2019\u00e9quipe ont fait de l\u2019entreprise une r\u00e9f\u00e9rence dans le domaine. De nombreux gestionnaires de projet leur confient leurs travaux [&hellip;]<\/p>\n","protected":false},"author":3,"featured_media":0,"parent":0,"menu_order":0,"comment_status":"closed","ping_status":"closed","template":"_e-template_home.php","meta":{"ngg_post_thumbnail":0,"footnotes":""},"class_list":["post-6","page","type-page","status-publish","hentry"],"_links":{"self":[{"href":"https:\/\/www.mosaiikconstruction.com\/fr\/wp-json\/wp\/v2\/pages\/6","targetHints":{"allow":["GET"]}}],"collection":[{"href":"https:\/\/www.mosaiikconstruction.com\/fr\/wp-json\/wp\/v2\/pages"}],"about":[{"href":"https:\/\/www.mosaiikconstruction.com\/fr\/wp-json\/wp\/v2\/types\/page"}],"author":[{"embeddable":true,"href":"https:\/\/www.mosaiikconstruction.com\/fr\/wp-json\/wp\/v2\/users\/3"}],"replies":[{"embeddable":true,"href":"https:\/\/www.mosaiikconstruction.com\/fr\/wp-json\/wp\/v2\/comments?post=6"}],"version-history":[{"count":12,"href":"https:\/\/www.mosaiikconstruction.com\/fr\/wp-json\/wp\/v2\/pages\/6\/revisions"}],"predecessor-version":[{"id":256,"href":"https:\/\/www.mosaiikconstruction.com\/fr\/wp-json\/wp\/v2\/pages\/6\/revisions\/256"}],"wp:attachment":[{"href":"https:\/\/www.mosaiikconstruction.com\/fr\/wp-json\/wp\/v2\/media?parent=6"}],"curies":[{"name":"wp","href":"https:\/\/api.w.org\/{rel}","templated":true}]}}